{"id":59,"date":"2022-04-17T23:33:14","date_gmt":"2022-04-17T23:33:14","guid":{"rendered":"https:\/\/socialclubplatform.com\/?page_id=59"},"modified":"2025-06-20T22:44:57","modified_gmt":"2025-06-20T22:44:57","slug":"faq","status":"publish","type":"page","link":"https:\/\/socialclubplatform.com\/es\/faq\/","title":{"rendered":"Preguntas y Respuestas"},"content":{"rendered":"<div style=\"text-align: center;\">\n  <video \n    src=\"https:\/\/socialclubplatform.com\/wp-content\/uploads\/2025\/06\/faq.mp4\" \n    autoplay muted loop playsinline preload=\"auto\" \n    style=\"width:100%; max-width:800px; height:auto; border-radius:10px; object-fit:cover;\"\n  >\n  <\/video>\n<\/div>\n\n<h2 class=\"wp-block-heading\">Preguntas Frecuentes<\/h2>\n\n\n\n<p style=\"font-size:30px\"><strong>1- \u00bfPor qu\u00e9 creamos esta plataforma? <\/strong><\/p>\n\n\n\n<p>Hay muchas aplicaciones sin un tema espec\u00edfico y los usuarios se ven bombardeados con anuncios irrelevantes. Nuestro objetivo es conectar a personas con intereses similares y mostrarles negocios relevantes seg\u00fan el tema de la aplicaci\u00f3n (por ejemplo, restaurantes y bares para amantes de la comida). <\/p>\n\n\n\n<div style=\"height:30px\" aria-hidden=\"true\" class=\"wp-block-spacer\"><\/div>\n\n\n\n<p style=\"font-size:30px\"><strong>2- \u00bfQu\u00e9 diferencia a la Plataforma Social Club de otras plataformas?<\/strong><\/p>\n\n\n\n<p>a) Sencillo y f\u00e1cil de usar.<\/p>\n\n\n\n<p>b) Tema espec\u00edfico para cada aplicaci\u00f3n (por ejemplo, comida, deportes, startups o viajes). <\/p>\n\n\n\n<p>c) Feed basado en preferencias. Por ejemplo, si eres vegetariano y te uniste a la app LetsLicious, solo ver\u00e1s publicaciones de usuarios vegetarianos en los hilos principales.<\/p>\n\n\n\n<p>d) La mayor\u00eda de los medios permanecer\u00e1n en las aplicaciones durante un per\u00edodo de tiempo determinado por defecto, como los mensajes que desaparecen en 30 d\u00edas.<\/p>\n\n\n\n<div style=\"height:30px\" aria-hidden=\"true\" class=\"wp-block-spacer\"><\/div>\n\n\n\n<p style=\"font-size:30px\"><strong>3- \u00bfEs gratis registrarse?<\/strong>?<\/p>\n\n\n\n<p>S\u00ed, absolutamente. Basado en los comentarios iniciales, podr\u00edamos implementar un servicio premium en un futuro cercano para ofrecer una mejor experiencia a nuestros usuarios interesados.<\/p>\n\n\n\n<div style=\"height:30px\" aria-hidden=\"true\" class=\"wp-block-spacer\"><\/div>\n\n\n\n<p style=\"font-size:30px\"><strong>4-<\/strong> <strong>\u00bfQu\u00e9 queremos decir con clubes sociales?<\/strong><\/p>\n\n\n\n<p>Simplemente clubes virtuales seg\u00fan tus intereses. Por ejemplo, \u201cFoodie\u201d ser\u00e1 uno de los clubes sociales en la app LetsLicious. Los usuarios son libres de hacer conexiones en nuestra app o organizar encuentros presenciales si se sienten c\u00f3modos.<\/p>\n\n\n\n<div style=\"height:30px\" aria-hidden=\"true\" class=\"wp-block-spacer\"><\/div>\n\n\n\n<p style=\"font-size:30px\"><strong>5- \u00bfD\u00f3nde est\u00e1 disponible la app LetsLicious?<\/strong><\/p>\n\n\n\n<p>A partir de abril de 2025, est\u00e1 disponible en 15 pa\u00edses como EE. UU., Canad\u00e1, Reino Unido, Australia, Nueva Zelanda, Alemania, etc.<\/p>\n\n\n\n<div style=\"height:30px\" aria-hidden=\"true\" class=\"wp-block-spacer\"><\/div>\n\n\n\n<p style=\"font-size:30px\"><strong>6- \u00bfEst\u00e1 registrada la marca LetsLicious?<\/strong><\/p>\n\n\n\n<p>S\u00ed, presentamos nuestras solicitudes de registro por separado en varias regiones como Estados Unidos, Canad\u00e1, Reino Unido, pa\u00edses de la Uni\u00f3n Europea, Australia y Nueva Zelanda a partir de julio de 2023.<\/p>\n\n\n\n<div style=\"height:30px\" aria-hidden=\"true\" class=\"wp-block-spacer\"><\/div>\n\n\n\n<p style=\"font-size:30px\"><strong>7- \u00bfEst\u00e1 disponible la app LetsLicious en todos los idiomas?<\/strong><\/p>\n\n\n\n<p>A partir de abril de 2025: los idiomas disponibles en iOS y Android son ingl\u00e9s, neerland\u00e9s, finland\u00e9s, franc\u00e9s, alem\u00e1n, italiano, polaco, portugu\u00e9s, espa\u00f1ol y turco.<\/p>\n\n\n\n<div style=\"height:30px\" aria-hidden=\"true\" class=\"wp-block-spacer\"><\/div>\n\n\n\n<p style=\"font-size:30px\"><strong>8- \u00bfHabr\u00e1 otras aplicaciones que se lancen pronto bajo la Plataforma Social Club?<\/strong><\/p>\n\n\n\n<p>Nos gustar\u00eda recibir la mayor cantidad de comentarios posibles de nuestros usuarios potenciales y optimizar la app LetsLicious antes de lanzar otra aplicaci\u00f3n. Los comentarios siempre son bienvenidos.<\/p>\n\n\n\n<div style=\"height:30px\" aria-hidden=\"true\" class=\"wp-block-spacer\"><\/div>\n\n\n\n<p style=\"font-size:30px\"><strong>9- \u00bfCu\u00e1les son algunos de los l\u00edmites establecidos por defecto para los usuarios en la app LetsLicious?<\/strong><\/p>\n\n\n\n<ul class=\"wp-block-list\">\n<li>El contenido inicialmente se centrar\u00e1 en publicaciones de texto e im\u00e1genes, y mensajes. Exploraremos la opci\u00f3n de video seg\u00fan los comentarios iniciales.<\/li>\n\n\n\n<li>Los feeds de publicaciones en formato cuadrado y de pantalla completa consistir\u00e1n en las publicaciones m\u00e1s recientes. Sin embargo, cuando los usuarios toquen la pesta\u00f1a de explorar, podr\u00e1n buscar otras publicaciones y usuarios.<\/li>\n\n\n\n<li>Los usuarios pueden enviar mensajes privados a otros o crear un canal. <\/li>\n\n\n\n<li>En el nivel gratuito, las publicaciones de im\u00e1genes y los mensajes ser\u00e1n eliminados autom\u00e1ticamente de nuestra base de datos 30 d\u00edas despu\u00e9s de que se publiquen las im\u00e1genes. Los canales que no hayan tenido ninguna interacci\u00f3n en los \u00faltimos 30 d\u00edas tambi\u00e9n ser\u00e1n eliminados.<\/li>\n\n\n\n<li>Las notificaciones dentro de la app caducan 7 d\u00edas despu\u00e9s de haber sido recibidas por defecto.<\/li>\n\n\n\n<li>Las notificaciones push se env\u00edan solo para mensajes y recordatorios de cumplea\u00f1os si los usuarios han aceptado recibirlas.<\/li>\n<\/ul>\n\n\n\n<div style=\"height:30px\" aria-hidden=\"true\" class=\"wp-block-spacer\"><\/div>\n\n\n\n<p style=\"font-size:30px\"><strong>10- \u00bfC\u00f3mo detectamos en la app LetsLicious si el usuario est\u00e1 en l\u00ednea?<\/strong><\/p>\n\n\n\n<p>Si el usuario est\u00e1 conectado e iniciado sesi\u00f3n, ver\u00e1s \"En l\u00ednea\" con un punto verde en su perfil. De lo contrario, estar\u00e1 \"Desconectado\". Si la conexi\u00f3n a internet del usuario se desconecta mientras est\u00e1 iniciado en la aplicaci\u00f3n, el estado de \"En l\u00ednea\" podr\u00eda persistir hasta que el usuario vuelva a estar en l\u00ednea. Cuando cierre la aplicaci\u00f3n, el estado del usuario se cambiar\u00e1 a \"Desconectado\".<\/p>\n\n\n\n<div style=\"height:30px\" aria-hidden=\"true\" class=\"wp-block-spacer\"><\/div>\n\n\n\n<p style=\"font-size:30px\"><strong>\u00bfEs posible hacer publicidad en la aplicaci\u00f3n LetsLicious y cu\u00e1l es el costo?<\/strong><\/p>\n\n\n\n<p>S\u00ed, pero solo nos asociaremos con peque\u00f1as empresas de la industria de alimentos y bebidas para mantener todo el contenido alineado con el tema de la aplicaci\u00f3n. Estas publicaciones de asociaci\u00f3n ser\u00e1n neutrales en cuanto al pa\u00eds, por lo que la audiencia ser\u00e1 todos los usuarios de la aplicaci\u00f3n. Los precios estar\u00e1n entre $30 y $100 por semana*, dependiendo de d\u00f3nde te gustar\u00eda mostrar tus publicaciones de asociaci\u00f3n en la aplicaci\u00f3n. Cont\u00e1ctanos para obtener m\u00e1s informaci\u00f3n (*los precios pueden fluctuar en el futuro).<\/p>\n\n\n\n<div style=\"height:30px\" aria-hidden=\"true\" class=\"wp-block-spacer\"><\/div>\n\n\n\n<p style=\"font-size:30px\"><strong>\u00bfEst\u00e1 cifrada la informaci\u00f3n del usuario en la aplicaci\u00f3n LetsLicious?<\/strong><\/p>\n\n\n\n<p>Utilizamos Google Firestore para nuestra base de datos en la nube, que cifra autom\u00e1ticamente todos los datos antes de que se escriban en el disco. Los datos se descifran autom\u00e1ticamente y de manera transparente cuando son le\u00eddos por un usuario autorizado. Ver m\u00e1s <a href=\"https:\/\/cloud.google.com\/firestore\/docs\/server-side-encryption\">here<\/a> for more details.<\/p>\n\n\n\n<div style=\"height:30px\" aria-hidden=\"true\" class=\"wp-block-spacer\"><\/div>\n\n\n\n<p style=\"font-size:30px\"><strong>13- \u00bfC\u00f3mo pueden los due\u00f1os de negocios beneficiarse de lo que ofrece LetsLicious?<\/strong><\/p>\n\n\n\n<p>Como propietario de un restaurante, bar o caf\u00e9;<\/p>\n\n\n\n<ul class=\"wp-block-list\">\n<li>Crear una cuenta e interactuar con todos en LetsLicious es gratuito. <\/li>\n\n\n\n<li>Es posible mencionar los detalles del negocio junto con los detalles sociales en el perfil del propietario del negocio. Esperamos que tener un perfil en LetsLicious no solo sea visible para los usuarios de LetsLicious, sino que tambi\u00e9n atraiga nuevos seguidores a las cuentas sociales del propietario del negocio.<\/li>\n<\/ul>\n\n\n\n<ul class=\"wp-block-list\">\n<li>Adem\u00e1s, los propietarios de negocios pueden aprovechar los espacios premium para marcas (es decir, Spotlight, Asociaciones, Eventos) que ofrecen m\u00e1s visibilidad a los propietarios de negocios dentro de la aplicaci\u00f3n LetsLicious. Requeriremos algunos datos, como el nombre del negocio, la ubicaci\u00f3n e im\u00e1genes, para poder asociarnos en esto. Ver m\u00e1s sobre esto. <a href=\"https:\/\/youtu.be\/m4d6vtmRnh4\">video<\/a> sobre c\u00f3mo se ve la secci\u00f3n de explorar en nuestra aplicaci\u00f3n.<\/li>\n<\/ul>\n\n\n\n<div style=\"height:30px\" aria-hidden=\"true\" class=\"wp-block-spacer\"><\/div>\n\n\n\n<p style=\"font-size:30px\"><strong>14- \u00bfExiste una versi\u00f3n m\u00ednima de iOS y Android para la aplicaci\u00f3n LetsLicious?<\/strong><\/p>\n\n\n\n<p>S\u00ed, estas son las versiones m\u00ednimas:<\/p>\n\n\n\n<ul class=\"wp-block-list\">\n<li>iOS: 18.<\/li>\n\n\n\n<li>Android: 13.<\/li>\n<\/ul>\n\n\n\n<div style=\"height:30px\" aria-hidden=\"true\" class=\"wp-block-spacer\"><\/div>\n\n\n\n<p style=\"font-size:30px\"><strong>15- \u00bfQueremos decir algo con LetsLicious?<\/strong><\/p>\n\n\n\n<p>S\u00ed, el nombre es la versi\u00f3n corta de '<strong>Veamos qu\u00e9 hay de nuevo y delicioso.<\/strong>&#8216;.<\/p>\n\n\n\n<div style=\"height:30px\" aria-hidden=\"true\" class=\"wp-block-spacer\"><\/div>","protected":false},"excerpt":{"rendered":"<p>Frequently Asked Questions 1- Why did we create this platform? There are lots of apps with no specific theme and users get bombarded with irrelevant ads. We aim to connect people with similar interests and show them relevant businesses depending on the app theme (i.e. restaurants &amp; bars for foodies). 2- What differentiates Social Club [&hellip;]<\/p>\n","protected":false},"author":2,"featured_media":0,"parent":0,"menu_order":0,"comment_status":"closed","ping_status":"closed","template":"","meta":{"_coblocks_attr":"Helvetica,Helvetica","_coblocks_dimensions":"","_coblocks_responsive_height":"","_coblocks_accordion_ie_support":"","hide_page_title":"","footnotes":""},"class_list":["post-59","page","type-page","status-publish","hentry"],"_links":{"self":[{"href":"https:\/\/socialclubplatform.com\/es\/wp-json\/wp\/v2\/pages\/59","targetHints":{"allow":["GET"]}}],"collection":[{"href":"https:\/\/socialclubplatform.com\/es\/wp-json\/wp\/v2\/pages"}],"about":[{"href":"https:\/\/socialclubplatform.com\/es\/wp-json\/wp\/v2\/types\/page"}],"author":[{"embeddable":true,"href":"https:\/\/socialclubplatform.com\/es\/wp-json\/wp\/v2\/users\/2"}],"replies":[{"embeddable":true,"href":"https:\/\/socialclubplatform.com\/es\/wp-json\/wp\/v2\/comments?post=59"}],"version-history":[{"count":11,"href":"https:\/\/socialclubplatform.com\/es\/wp-json\/wp\/v2\/pages\/59\/revisions"}],"predecessor-version":[{"id":3192,"href":"https:\/\/socialclubplatform.com\/es\/wp-json\/wp\/v2\/pages\/59\/revisions\/3192"}],"wp:attachment":[{"href":"https:\/\/socialclubplatform.com\/es\/wp-json\/wp\/v2\/media?parent=59"}],"curies":[{"name":"wp","href":"https:\/\/api.w.org\/{rel}","templated":true}]}}